{"id":73,"date":"2020-01-27T23:27:29","date_gmt":"2020-01-27T23:27:29","guid":{"rendered":"http:\/\/buildingphysics.groups.unibz.it\/?page_id=73"},"modified":"2026-04-04T09:44:32","modified_gmt":"2026-04-04T09:44:32","slug":"theses","status":"publish","type":"page","link":"https:\/\/buildingphysics.groups.unibz.it\/?page_id=73","title":{"rendered":"THESES"},"content":{"rendered":"\n<p class=\"has-large-font-size\"><strong>THESES<\/strong><\/p>\n\n\n\n<hr class=\"wp-block-separator has-css-opacity\"\/>\n\n\n\n<div style=\"height:20px\" aria-hidden=\"true\" class=\"wp-block-spacer\"><\/div>\n\n\n\n<p><strong>PHD THESES<\/strong><\/p>\n\n\n\n<ul id=\"block-0441995d-c8e0-43ae-b01e-62c79d7260f3\" class=\"wp-block-list\">\n<li><strong><strong><strong>Analysis of Energy Performance and IEQ of Public School Buildings: Monitoring, Assessment and Definition of Effective Energy Performance Enhancement Strategies<\/strong><\/strong><\/strong>.<br>A. El Hokayem | 2026 | PhD in Sustainable Energy and Technologies<\/li>\n<\/ul>\n\n\n\n<ul id=\"block-0441995d-c8e0-43ae-b01e-62c79d7260f3\" class=\"wp-block-list\">\n<li><strong><strong>Fa\u00e7ade Commissioning, from Early Design to End of Life for a User Centered and Zero Emission Building<\/strong><\/strong>.<br>R. Gazzin | 2026 | PhD in Sustainable Energy and Technologies<\/li>\n<\/ul>\n\n\n\n<ul id=\"block-0441995d-c8e0-43ae-b01e-62c79d7260f3\" class=\"wp-block-list\">\n<li><strong><strong>Solar Radiation Models for Building Performance Simulation in Mountain Areas: Development and Empirical Validation<\/strong><\/strong>.<br>A. Gevorgian | 2025 | PhD in Sustainable Energy and Technologies<\/li>\n<\/ul>\n\n\n\n<ul id=\"block-0441995d-c8e0-43ae-b01e-62c79d7260f3\" class=\"wp-block-list\">\n<li><strong><strong>Understanding Indoor Environmental Stressors Influence on Neurodivergent Occupants<\/strong><\/strong>.<br>A. Marzi | 2025 | PhD in Sustainable Energy and Technologies<\/li>\n<\/ul>\n\n\n\n<ul id=\"block-0441995d-c8e0-43ae-b01e-62c79d7260f3\" class=\"wp-block-list\">\n<li><strong>Behavioral Monitoring and Modelling towards User Resilience in the Built Environment<\/strong>.<br>J. Donges | 2023 | PhD in Sustainable Energy and Technologies<\/li>\n<\/ul>\n\n\n\n<ul id=\"block-0441995d-c8e0-43ae-b01e-62c79d7260f3\" class=\"wp-block-list\">\n<li><strong>Airflow Networks in Building Simulations: Applications to Model Calibration and Assessment of IAQ and COVID-19 Contagion Risk<\/strong>.<br>R. Albertin | 2023 | PhD in Sustainable Energy and Technologies<\/li>\n<\/ul>\n\n\n\n<ul id=\"block-0441995d-c8e0-43ae-b01e-62c79d7260f3\" class=\"wp-block-list\">\n<li><strong>Development of a novel shoeboxing algorithm for Urban and Building Energy Modeling<\/strong>.<br>F. Battini | 2023 | PhD in Sustainable Energy and Technologies<\/li>\n<\/ul>\n\n\n\n<ul id=\"block-0441995d-c8e0-43ae-b01e-62c79d7260f3\" class=\"wp-block-list\">\n<li><strong>Heat and moisture transfer in timber building components.<\/strong><br>M. Danovska | 2022 | PhD in Sustainable Energy and Technologies<\/li>\n<\/ul>\n\n\n\n<ul id=\"block-0441995d-c8e0-43ae-b01e-62c79d7260f3\" class=\"wp-block-list\">\n<li><strong>Multi-objective optimization for retrofitting on a district scale towards the development of near-zero energy districts<\/strong>.<br>F. Haneef | 2022 | PhD in Sustainable Energy and Technologies<\/li>\n<\/ul>\n\n\n\n<ul class=\"wp-block-list\">\n<li><strong>Towards occupant-based building performance simulations: Considering Spatial Thermal Comfort Conditions and Personal Clothing Adaptation in the Evaluation of Sun-Irradiated Indoor Environments<\/strong>.<br>J. Conejo Fernandez | 2021 | PhD in Sustainable Energy and Technologies<\/li>\n<\/ul>\n\n\n\n<ul class=\"wp-block-list\">\n<li><strong>Investigation on the indoor environmental comfort perceived by employees and patients of physiotherapy centers through experimental subjective and objective surveys<\/strong>.<br>L. Zaniboni | 2020 | PhD in Sustainable Energy and Technologies<\/li>\n<\/ul>\n\n\n\n<ul class=\"wp-block-list\">\n<li><strong>Impact on process and operators&#8217; productivity of environmental thermo-hygrometric conditions. <\/strong><br>M. Tarantini | 2018 | PhD in  Sustainable Energy and  Technologies<\/li>\n<\/ul>\n\n\n\n<ul id=\"block-0441995d-c8e0-43ae-b01e-62c79d7260f3\" class=\"wp-block-list\">\n<li><strong>Measurement of Dynamic Properties of Building Envelope Materials and Components &#8211; Methods, Tools, Instruments and Application<\/strong><br>N. Bishara | 2017 | PhD in Sustainable Energy and Technologies<\/li>\n<\/ul>\n\n\n\n<ul id=\"block-2835dc0b-992b-434b-8cb8-c7923047ad3b\" class=\"wp-block-list\">\n<li><strong>Optimization of ventilation systems. Liquid dessicant dehumidification and heat recovery devices<\/strong><br>S. Tafelmeier | 2017 | PhD in Sustainable Energy and Technologies<\/li>\n<\/ul>\n\n\n\n<ul id=\"block-18db606f-38fb-4325-82f1-b98ac07fd109\" class=\"wp-block-list\">\n<li><strong>Energy retrofit of schools: a methodology for large building stocks<\/strong><br>R. Arambula Lara | 2016 | PhD in Sustainable Energy and Technologies<\/li>\n<\/ul>\n\n\n\n<ul id=\"block-707b2022-7958-4946-88e0-df687cd015f9\" class=\"wp-block-list\">\n<li><strong>Energy Efficiency, Thermal and Visual Comfort: Integrated Building Performance Modelling and Measurement<\/strong><br>A. Atzeri | 2016 | PhD in Sustainable Energy and Technologies<\/li>\n<\/ul>\n\n\n\n<ul id=\"block-aa70b4c1-804f-45dd-a517-17bb40e11427\" class=\"wp-block-list\">\n<li><strong>Energy refurbishment of existing buildings: from diagnosis to optimization of retrofits <\/strong><br>P. Penna | 2015 | PhD in Sustainable Energy and Technologies<\/li>\n<\/ul>\n\n\n\n<div style=\"height:20px\" aria-hidden=\"true\" class=\"wp-block-spacer\"><\/div>\n\n\n\n<hr class=\"wp-block-separator has-css-opacity\"\/>\n\n\n\n<div style=\"height:20px\" aria-hidden=\"true\" class=\"wp-block-spacer\"><\/div>\n\n\n\n<p><strong>II LEVEL MASTER THESES<\/strong><\/p>\n\n\n\n<ul class=\"wp-block-list\">\n<li><strong>Riqualificazione di un edificio residenziale esistente: riqualificazione della facciata sud con integrazione di sistemi passivi di controllo climatico<\/strong>.<br>(English translation: <em>Retrofit of an existing residential building: renovation of the south-oriented fa\u00e7ade through the integration with  passive solutions for indoor environmental control<\/em>)<br>D. Macor | 2018-2019 | BEE \u2013 Casaclima<\/li>\n<\/ul>\n\n\n\n<ul class=\"wp-block-list\">\n<li><strong>Riqualificazione di un edificio residenziale esistente: studio di interventi di mitigazione dei ponti termici<\/strong>.<br>(English translation: <em>Retrofit of an existing residential building: analysis of interventions to mitigate the effect of thermal bridges<\/em>)<br> F. W. E. Milagritos | 2018-2019 | BEE \u2013 Casaclima<\/li>\n<\/ul>\n\n\n\n<ul class=\"wp-block-list\">\n<li><strong>Riqualificazione di un edificio residenziale esistente: simulazione dinamica delle prestazioni energetiche a valle della proposta di intervento<\/strong>.<br>(English translation: <em>Retrofit of an existing residential building: dynamic simulation of the energy performances after building renovation<\/em>)<br> F. Faccani | 2018-2019 | BEE &#8211; Casaclima<\/li>\n<\/ul>\n\n\n\n<ul class=\"wp-block-list\">\n<li><strong>Analisi dei sistemi di schermatura e ombreggiamento esterno: impatto sul fabbisogno energetico e di illuminazione e implicazioni sul comfort<\/strong>.<br>(English translation: <em>Analysis of external shading systems: impact on energy needs for air conditioning and internal lighting and effects on<br> indoor comfort<\/em>)<br> A. M. Atzeri | 2011-2012 | Casaclima<\/li>\n<\/ul>\n\n\n\n<ul class=\"wp-block-list\">\n<li><strong>Ottimizzazione del comportamento termico e di comfort di un edificio residenziale nel clima mediterraneo<\/strong>.<br> (English translation: <em>Optimization of thermal behaviour and indoor comfort on a residential buildings in the Mediterranean Climate<\/em>)<br> R. Sallustio | 2011- 2012 |  Casaclima<\/li>\n<\/ul>\n\n\n\n<div style=\"height:20px\" aria-hidden=\"true\" class=\"wp-block-spacer\"><\/div>\n\n\n\n<hr class=\"wp-block-separator has-css-opacity\"\/>\n\n\n\n<div style=\"height:20px\" aria-hidden=\"true\" class=\"wp-block-spacer\"><\/div>\n\n\n\n<p><strong>MASTER DEGREE THESES<\/strong><\/p>\n\n\n\n<ul class=\"wp-block-list\">\n<li><strong>Environmental impact of the energy and resource management of a MotoGP team<br><\/strong>M. Burioli | 2025-2026 | Energy Engineering<\/li>\n<\/ul>\n\n\n\n<ul class=\"wp-block-list\">\n<li><strong>Simulation of the potential of smart energy retrofit solutions applied to a public office building in Bolzano<br><\/strong>A. V\u00f6lser | 2024-2025 | Energy Engineering<\/li>\n<\/ul>\n\n\n\n<ul class=\"wp-block-list\">\n<li><strong>Impact of Control Strategies on Building Performance and Optimization of Energy Efficiency Measures for Educational Buildings: A Case Study in Bolzano, Italy<br><\/strong>B.D. Nemes | 2024-2025 | Energy Engineering<\/li>\n<\/ul>\n\n\n\n<ul class=\"wp-block-list\">\n<li><strong>Performance analysis of UBEM tools: a parametric comparison between umi and Citysim<br><\/strong>A. Venturini | 2023-2024 | Energy Engineering<\/li>\n<\/ul>\n\n\n\n<ul class=\"wp-block-list\">\n<li><strong>Smart energy retrofit of historical buildings: analysis of its potential for a case-study in South Tyrol, Italy<br><\/strong>C. Budai | 2023-2024 | Energy Engineering<\/li>\n<\/ul>\n\n\n\n<ul class=\"wp-block-list\">\n<li><strong>Design and performance evaluation of a heat pump for waste heat recovery in a plant-based beverages production process<br><\/strong>M. Collareda | 2023-2024 | Energy Engineering<\/li>\n<\/ul>\n\n\n\n<ul class=\"wp-block-list\">\n<li><strong>Experimental and numerical characterization of a prefabricated timber fa\u00e7ade with integrated HVAC unit<br><\/strong>B. Messner | 2023-2024 | Energy Engineering<\/li>\n<\/ul>\n\n\n\n<ul class=\"wp-block-list\">\n<li><strong>Modelling and optimisation of an energy commu nity: The Santa Chiara district case study<br><\/strong>G. Borelli | 2022-2023 | Energy Engineering<\/li>\n<\/ul>\n\n\n\n<ul class=\"wp-block-list\">\n<li><strong>Performance analysis of Thermo Active Building Systems (TABS) through dynamic CFD simulations<br><\/strong>F. Curi | 2022-2023 | Energy Engineering<\/li>\n<\/ul>\n\n\n\n<ul class=\"wp-block-list\">\n<li><strong>Assessment of the natural ventilation potential using environmental variables<br><\/strong>G. Slomp | 2022-2023 | Energy Engineering<\/li>\n<\/ul>\n\n\n\n<ul class=\"wp-block-list\">\n<li><strong>Polymer Dispersed Liquid Crystal Glazing as a Smart Fa\u00e7ade Technology: Characterisation, Modelling and Control<br><\/strong>J.A. Roberts | 2022-2023 | Energy Engineering<\/li>\n<\/ul>\n\n\n\n<ul class=\"wp-block-list\">\n<li><strong>Subjective and objective assessment of the Indoor Environmental Quality conditions in a hospital in Yamoussoukro, Ivory Coast<\/strong><br>A. Sbalchiero | 2022-2023 | Energy Engineering<\/li>\n<\/ul>\n\n\n\n<ul class=\"wp-block-list\">\n<li><strong>Parametric simulation of the energy performance of small-scale mechanical ventilation systems for residential and commercial buildings<\/strong><br>M. Facci | 2021-2022 | Energy Engineering<\/li>\n<\/ul>\n\n\n\n<ul class=\"wp-block-list\">\n<li><strong>Impact Of The Occupancy Profile On The Energy Performance Of A Public Building<\/strong><br>A. Pernici | 2021-2022 | Energy Engineering<\/li>\n<\/ul>\n\n\n\n<ul class=\"wp-block-list\">\n<li><strong>Application Of Simplification Algorithms For The Simulation Of Energy Performance Of Complex Buildings<\/strong><br>M. Merli | 2021-2022 | Energy Engineering<\/li>\n<\/ul>\n\n\n\n<ul class=\"wp-block-list\">\n<li><strong>Numerical characterization of the thermal performance of an innovative HVAC emission system<\/strong><br>C. Fiabane | 2020-2021 | Energy Engineering<\/li>\n<\/ul>\n\n\n\n<ul class=\"wp-block-list\">\n<li><strong>Development of a multi-zone building simulation model for the assessment of&nbsp; ventilation control strategies in educational buildings<\/strong><br>A. Gevorgian | 2020-2021 | Energy Engineering<\/li>\n<\/ul>\n\n\n\n<ul id=\"block-aa3bb4e9-e99f-4dae-9f4e-9cfd81055742\" class=\"wp-block-list\">\n<li><strong>Impact of Environmental Conditions on Students\u2019 Comfort and Learning Performance in a Primary School<\/strong><br>G. Demozzi | 2019-2020 | Energy Engineering<\/li>\n<\/ul>\n\n\n\n<ul id=\"block-20006f9a-4a23-4540-b629-09b58b7e7baf\" class=\"wp-block-list\">\n<li><strong>Application of renewable cooling technologies on urban scale<\/strong><br>A. Zambito | 2019-2020 | Energy Engineering<\/li>\n<\/ul>\n\n\n\n<ul class=\"wp-block-list\">\n<li><strong>From UNI EN ISO 13790 to UNI EN ISO 52016:  comparative analysis between their  implementation software tools for calculating  the energy performance of buildings<\/strong>.<br>C. Dolzani | 2019-2020 | Energy Engineering<\/li>\n<\/ul>\n\n\n\n<ul class=\"wp-block-list\">\n<li><strong>Experimental and numerical analysis of a test  rig for the characterization of the performance  of ventilation heat recovery systems<\/strong>.<br>P.  Malavolta | 2019-2020 | Energy Engineering<\/li>\n<\/ul>\n\n\n\n<ul class=\"wp-block-list\">\n<li><strong>Numerical assessment of visual and non-visual performance of a complex fenestration system<\/strong>.<br>S. Ricciuti |  2019-2020 | Energy Engineering<\/li>\n<\/ul>\n\n\n\n<ul class=\"wp-block-list\">\n<li><strong>Suitability of Test Reference Year in the design  process of modern buildings with PV-battery systems<\/strong>.<br>R. Gazzin |  2019-2020 |  Energy Engineering<\/li>\n<\/ul>\n\n\n\n<ul class=\"wp-block-list\">\n<li><strong>Modelling coupling airflow in multi-zone building simulation: analysis and experimental validation<\/strong>.<br>R. Albertin | 2018-2019 | Energy Engineering<\/li>\n<\/ul>\n\n\n\n<ul class=\"wp-block-list\">\n<li><strong>Urban modelling application to building  districts: opportunities and limitations.<\/strong><br>F. Battini | 2018-2019 | Energy Engineering<\/li>\n<\/ul>\n\n\n\n<ul class=\"wp-block-list\">\n<li><strong>The impact of model input assumptions  regarding comfort, occupancy, zoning, and  climate on simulated energy use of an office building<\/strong>.<br>G. Pilati | 2017-2018 | Energy Engineering<\/li>\n<\/ul>\n\n\n\n<ul class=\"wp-block-list\">\n<li><strong>Monitoring and simulation of energy performance, thermal and visual comfort in university classrooms<\/strong>.<br>C. Faoro | 2017-2018 | Energy Engineering<\/li>\n<\/ul>\n\n\n\n<ul class=\"wp-block-list\">\n<li><strong>Energy Diagnosis and Refurbishment of a Historical Building in Fidenza<\/strong>.<br>L. Cacciali | 2017-2018 | Energy Engineering<\/li>\n<\/ul>\n\n\n\n<ul class=\"wp-block-list\">\n<li><strong>Characterization of the thermal-physical properties of timber specimens<\/strong>.<br>M. Danovska | 2017-2018 | Energy Engineering<\/li>\n<\/ul>\n\n\n\n<ul class=\"wp-block-list\">\n<li><strong>Life Cycle Cost and Energy Optimization for the Refurbishment of existing Italian Commercial Buildings.<\/strong><br>G. Luddeni | 2016-2017 | Energy Engineering<\/li>\n<\/ul>\n\n\n\n<ul class=\"wp-block-list\">\n<li><strong>Heat and Mass Balance in a Greenhouse.<\/strong><br>D. Holzner | 2016-2017 | Energy Engineering<\/li>\n<\/ul>\n\n\n\n<ul class=\"wp-block-list\">\n<li><strong>Numerical and experimental evaluation of a thermopile heat flow meter under steady and dynamic conditions<\/strong>.<br>M. Tardiani | 2016-2017 | Energy Engineering<\/li>\n<\/ul>\n\n\n\n<ul class=\"wp-block-list\">\n<li><strong>Thermo-fluid dynamic analysis of the Germany Pavilion at Milan Expo 2015: indoor conditions evaluations<\/strong>.<br>A. Viviani | 2014-2015 | Energy Engineering<\/li>\n<\/ul>\n\n\n\n<ul class=\"wp-block-list\">\n<li><strong>Energy and comfort diagnosis and refurbishment of an healthcare building: a case study of a physiotherapy treatment center in Vienna (Austria)<\/strong>.<br>L. Zaniboni | 2014-2015 | Energy Engineering<\/li>\n<\/ul>\n\n\n\n<div style=\"height:20px\" aria-hidden=\"true\" class=\"wp-block-spacer\"><\/div>\n\n\n\n<hr class=\"wp-block-separator has-css-opacity\"\/>\n\n\n\n<div style=\"height:20px\" aria-hidden=\"true\" class=\"wp-block-spacer\"><\/div>\n\n\n\n<p><strong>BACHELOR DEGREE THESES<\/strong><\/p>\n\n\n\n<ul id=\"block-6c8ba538-de78-4a34-a867-751bd4e8b4a4\" class=\"wp-block-list\">\n<li><strong>Simulazione delle prestazioni di elementi finestrati ad alta efficienza energetica: dal componente all\u00b4impatto sull\u00b4edificio<\/strong><br>D.M. Introcaso | 2025-2026 | Mechanical Industrial Engineering<\/li>\n<\/ul>\n\n\n\n<ul id=\"block-6c8ba538-de78-4a34-a867-751bd4e8b4a4\" class=\"wp-block-list\">\n<li><strong><strong>Timber Construction: Technical Design and Integrated Planning<\/strong><\/strong><br>S. Milani | 2025-2026 | Professional Bachelor in Wood Engineering<\/li>\n<\/ul>\n\n\n\n<ul id=\"block-6c8ba538-de78-4a34-a867-751bd4e8b4a4\" class=\"wp-block-list\">\n<li><strong><strong>Design and construction of high-performance prefabricated wooden residential buildings<\/strong><\/strong><br>T. Zambelli | 2024-2025 | Professional Bachelor in Wood Engineering<\/li>\n<\/ul>\n\n\n\n<ul id=\"block-6c8ba538-de78-4a34-a867-751bd4e8b4a4\" class=\"wp-block-list\">\n<li><strong>Wood as a construction material: from quality control to end-stage assembly<\/strong><br>E. Lubiato | 2023-2024 | Professional Bachelor in Wood Engineering<\/li>\n<\/ul>\n\n\n\n<ul id=\"block-6c8ba538-de78-4a34-a867-751bd4e8b4a4\" class=\"wp-block-list\">\n<li><strong>Evaluation of a New Tool for the LCA of Buildings in the Framework of the KlimaHaus Nature Rating System<\/strong><br>M. A. M. Kouame | 2023-2024 | Mechanical Industrial Engineering<\/li>\n<\/ul>\n\n\n\n<ul id=\"block-6c8ba538-de78-4a34-a867-751bd4e8b4a4\" class=\"wp-block-list\">\n<li><strong>Wood solutions for interior design and costruction<\/strong><br>S. Rosace | 2023-2024 | Professional Bachelor in Wood Engineering<\/li>\n<\/ul>\n\n\n\n<ul id=\"block-6c8ba538-de78-4a34-a867-751bd4e8b4a4\" class=\"wp-block-list\">\n<li><strong>Experience in the wood sector with focus on energy efficiency<\/strong><br>C. M\u00fchlberg | 2023-2024 | Professional Bachelor in Wood Engineering<\/li>\n<\/ul>\n\n\n\n<ul id=\"block-6c8ba538-de78-4a34-a867-751bd4e8b4a4\" class=\"wp-block-list\">\n<li><strong>Residential buildings with prefabricated and log house structure: design and on-site assembly experiences<\/strong><br>D. Cunego | 2022-2023 | Professional Bachelor in Wood Engineering<\/li>\n<\/ul>\n\n\n\n<ul id=\"block-6c8ba538-de78-4a34-a867-751bd4e8b4a4\" class=\"wp-block-list\">\n<li><strong>Wood as a Resource. Energy Efficiency and Construction<\/strong><br>L. Yepes | 2022-2023 | Professional Bachelor in Wood Engineering<\/li>\n<\/ul>\n\n\n\n<ul id=\"block-6c8ba538-de78-4a34-a867-751bd4e8b4a4\" class=\"wp-block-list\">\n<li><strong>Modelling of the solar irradiance in the mountain environment for the simulation of the building energy performance<\/strong><br>T. Canova | 2022-2023 | Mechanical Industrial Engineering<\/li>\n<\/ul>\n\n\n\n<ul id=\"block-6c8ba538-de78-4a34-a867-751bd4e8b4a4\" class=\"wp-block-list\">\n<li><strong>Wood as a sustainable resource: experiences of applications in innovative materials and building energy efficiency<\/strong><br>L. Di Salvatore | 2022-2023 | Professional Bachelor in Wood Engineering<\/li>\n<\/ul>\n\n\n\n<ul id=\"block-6c8ba538-de78-4a34-a867-751bd4e8b4a4\" class=\"wp-block-list\">\n<li><strong>Design and assessment of high performance buildings: application of smart readiness indicator (SRI) and related technologies for timber buildings<\/strong><br>L. Finozzi | 2021-2022 | Professional Bachelor in Wood Engineering<\/li>\n<\/ul>\n\n\n\n<ul id=\"block-6c8ba538-de78-4a34-a867-751bd4e8b4a4\" class=\"wp-block-list\">\n<li><strong>Vergleich zwischen der nationalen Berechnungsmethode und den technischen Richtlinien von KlimaHaus f\u00fcr die Bewertung der Energieeffizienz von Geb\u00e4uden im Rahmen des Programms Superbonus 110%<\/strong><br>L.B.C.M. Guglielmi | 2021-2022 | Mechanical Industrial Engineering<\/li>\n<\/ul>\n\n\n\n<ul id=\"block-6c8ba538-de78-4a34-a867-751bd4e8b4a4\" class=\"wp-block-list\">\n<li><strong>ISO 14025 e criteri ambientali minimi: analisi critica delle dichiarazioni ambientali dei materiali isolanti termici<\/strong><br>A. Scipioni | 2020-2021 | Mechanical Industrial Engineering<\/li>\n<\/ul>\n\n\n\n<ul id=\"block-6c8ba538-de78-4a34-a867-751bd4e8b4a4\" class=\"wp-block-list\">\n<li><strong>Parametric simulation of the impact of unconditioned environments on the energy performance of single-family buildings<\/strong><br>C. Budai | 2019-2020 | Mechanical Industrial Engineering<\/li>\n<\/ul>\n\n\n\n<ul id=\"block-da78b54c-3c01-48c8-960f-9e60e15bdc8c\" class=\"wp-block-list\">\n<li><strong>Analysis of Networks of Building Embedded Sensors for the Improved Management of Building Energy Systems<\/strong><br>J. A. Roberts | 2019-2020 | Mechanical Industrial Engineering<\/li>\n<\/ul>\n\n\n\n<ul class=\"wp-block-list\">\n<li><strong>Energetische Sanierung bestehender Geb\u00e4ude:  Auswirkungen von Umwelteinschr\u00e4nkungen auf  die Auswahl der optimalen Energieeffizienzma\u00dfnahmen<\/strong>.<br>M. Karnutsch | 2019-2020 | Mechanical Industrial Engineering<\/li>\n<\/ul>\n\n\n\n<ul class=\"wp-block-list\">\n<li><strong>Building automation and ventilation control strategies.<br><\/strong>C. Fiabane | 2018-2019 | Mechanical  Industrial Engineering<\/li>\n<\/ul>\n\n\n\n<ul class=\"wp-block-list\">\n<li><strong>Comparative analysis between the software  consistent with the technical specification  UNI\/TS 11300-1 2014 used to calculate the  energy performance of the buildings.<\/strong><br> C. Dolzani | 2016-2017 | Mechanical Industrial Engineering<\/li>\n<\/ul>\n\n\n\n<div style=\"height:20px\" aria-hidden=\"true\" class=\"wp-block-spacer\"><\/div>\n\n\n\n<hr class=\"wp-block-separator has-css-opacity\"\/>\n\n\n\n<div class=\"wp-block-media-text alignwide is-stacked-on-mobile\" style=\"grid-template-columns:34% auto\"><figure class=\"wp-block-media-text__media\"><img loading=\"lazy\" decoding=\"async\" width=\"925\" height=\"325\" src=\"http:\/\/buildingphysics.groups.unibz.it\/wp-content\/uploads\/2020\/01\/logotorto.png\" alt=\"\" class=\"wp-image-195 size-full\" srcset=\"https:\/\/buildingphysics.groups.unibz.it\/wp-content\/uploads\/2020\/01\/logotorto.png 925w, https:\/\/buildingphysics.groups.unibz.it\/wp-content\/uploads\/2020\/01\/logotorto-300x105.png 300w, https:\/\/buildingphysics.groups.unibz.it\/wp-content\/uploads\/2020\/01\/logotorto-768x270.png 768w\" sizes=\"auto, (max-width: 925px) 100vw, 925px\" \/><\/figure><div class=\"wp-block-media-text__content\">\n<p class=\"has-small-font-size\">The Building Physics Research Group<\/p>\n<\/div><\/div>\n","protected":false},"excerpt":{"rendered":"<p>THESES PHD THESES II LEVEL MASTER THESES MASTER DEGREE THESES BACHELOR DEGREE THESES<\/p>\n","protected":false},"author":5,"featured_media":0,"parent":0,"menu_order":0,"comment_status":"closed","ping_status":"closed","template":"","meta":{"footnotes":""},"class_list":["post-73","page","type-page","status-publish","hentry"],"_links":{"self":[{"href":"https:\/\/buildingphysics.groups.unibz.it\/index.php?rest_route=\/wp\/v2\/pages\/73","targetHints":{"allow":["GET"]}}],"collection":[{"href":"https:\/\/buildingphysics.groups.unibz.it\/index.php?rest_route=\/wp\/v2\/pages"}],"about":[{"href":"https:\/\/buildingphysics.groups.unibz.it\/index.php?rest_route=\/wp\/v2\/types\/page"}],"author":[{"embeddable":true,"href":"https:\/\/buildingphysics.groups.unibz.it\/index.php?rest_route=\/wp\/v2\/users\/5"}],"replies":[{"embeddable":true,"href":"https:\/\/buildingphysics.groups.unibz.it\/index.php?rest_route=%2Fwp%2Fv2%2Fcomments&post=73"}],"version-history":[{"count":62,"href":"https:\/\/buildingphysics.groups.unibz.it\/index.php?rest_route=\/wp\/v2\/pages\/73\/revisions"}],"predecessor-version":[{"id":1486,"href":"https:\/\/buildingphysics.groups.unibz.it\/index.php?rest_route=\/wp\/v2\/pages\/73\/revisions\/1486"}],"wp:attachment":[{"href":"https:\/\/buildingphysics.groups.unibz.it\/index.php?rest_route=%2Fwp%2Fv2%2Fmedia&parent=73"}],"curies":[{"name":"wp","href":"https:\/\/api.w.org\/{rel}","templated":true}]}}